{"id":1657,"date":"2022-09-28T07:44:53","date_gmt":"2022-09-28T06:44:53","guid":{"rendered":"http:\/\/szalayautosiskola.hu\/site\/?page_id=1657"},"modified":"2025-10-31T10:08:08","modified_gmt":"2025-10-31T09:08:08","slug":"irodank","status":"publish","type":"page","link":"https:\/\/szalayautosiskola.hu\/site\/irodank\/","title":{"rendered":"Irod\u00e1nk"},"content":{"rendered":"\n<style>\n.box\n{width:60%;\nmargin-left:auto;\nmargin-right:auto;\nmargin-top:30px;\nmargin-bottom:30px;\n}\n@media only screen and (max-width: 960px) {\n  \/* For mobile phones: *\/\n  [class*=\"box\"] {\n    width: 100%;\n  }\n}\n<\/style>\n<table align=\"center\">\n    <tr>\n      <td colspan=\"3\"><img decoding=\"async\" src=\"http:\/\/szalayautosiskola.hu\/site\/wp-content\/uploads\/2022\/09\/01_min.jpg\" width=\"100%\"><\/td>  \n    <\/tr>\n    <tr>\n        <td colspan=\"3\" height=\"50px\"><\/td>\n    <\/tr>\n    <tr>\n        <td colspan=\"3\"><img decoding=\"async\" src=\"http:\/\/szalayautosiskola.hu\/site\/wp-content\/uploads\/2022\/09\/02_min.jpg\" width=\"100%\"><\/td>\n    <\/tr>\n    <tr>\n        <td colspan=\"3\" height=\"20px\"><\/td>\n    <\/tr>\n    <tr>\n        <td colspan=\"3\" >Buz\u00e1s-Bandin\u00e9 Szalay \u00c9va <i>Iskolavezet\u0151<\/i><\/td>\n    <\/tr>\n<\/table>\n<table align=\"center\">\n    <tr>\n        <td colspan=\"3\" height=\"20px\"><\/td>\n    <\/tr>\n    <tr>\n        <td colspan=\"3\"><img decoding=\"async\" src=\"http:\/\/szalayautosiskola.hu\/site\/wp-content\/uploads\/2022\/09\/03A_min.jpg\" width=\"100%\"><\/td>\n    <\/tr>\n    <tr>\n        <td colspan=\"3\" height=\"20px\"><\/td>\n    <\/tr>\n    <tr>\n        <td ><img decoding=\"async\" src=\"http:\/\/szalayautosiskola.hu\/site\/wp-content\/uploads\/2022\/09\/03B_min.jpg\" width=\"auto\"><\/td>\n        <td width=\"2%\"><\/td>\n        <td ><img decoding=\"async\" src=\"http:\/\/szalayautosiskola.hu\/site\/wp-content\/uploads\/2022\/09\/03C_min.jpg\" width=\"auto\"><\/td>\n    <\/tr>\n    <tr>\n       <td colspan=\"3\" height=\"20px\"><\/td> \n    <\/tr>\n    <tr>\n        <td colspan=\"3\">Bak\u00f3 Alexandra <i>\u00dcgyint\u00e9z\u0151<\/i><\/td>\n    <\/tr>\n<\/table>\n<table align=\"center\">\n    <tr>\n        <td colspan=\"2\" height=\"20px\"><\/td>\n    <\/tr>\n        <tr>\n        <td ><img decoding=\"async\" src=\"http:\/\/szalayautosiskola.hu\/site\/wp-content\/uploads\/2022\/09\/04A_min.jpg\" width=\"auto\"><\/td>\n        <td width=\"2%\"><\/td>\n        <td ><img decoding=\"async\" src=\"http:\/\/szalayautosiskola.hu\/site\/wp-content\/uploads\/2022\/09\/04B_min.jpg\" width=\"auto\"><\/td>\n    <\/tr>\n<\/table>\n\t<style>\n.box\n{width:60%;\nmargin-left:auto;\nmargin-right:auto;\nmargin-top:30px;\nmargin-bottom:30px;\n}\n@media only screen and (max-width: 960px) {\n  \/* For mobile phones: *\/\n  [class*=\"box\"] {\n    width: 100%;\n  }\n}\n<\/style>\n<table align=\"center\">\n    <tr>\n        <td colspan=\"3\" height=\"20px\"><\/td>\n    <\/tr>\n    <tr>\n        <td colspan=\"5\"><img decoding=\"async\" src=\"http:\/\/szalayautosiskola.hu\/site\/wp-content\/uploads\/2022\/09\/05A_min.jpg\" width=\"100%\"><\/td>\n    <\/tr>\n    <tr>\n        <td colspan=\"5\" height=\"20px\"><\/td>\n    <\/tr>\n    <tr>\n        <td ><img decoding=\"async\" src=\"http:\/\/szalayautosiskola.hu\/site\/wp-content\/uploads\/2022\/09\/05B_min.jpg\" width=\"auto\"><\/td>\n        <td width=\"2%\"><\/td>\n        <td><img decoding=\"async\" src=\"http:\/\/szalayautosiskola.hu\/site\/wp-content\/uploads\/2022\/09\/05C_min.jpg\" width=\"auto\"><\/td>\n        <\/tr>\n<\/table>\n<table align=\"center\">\n    <tr>\n        <td colspan=\"3\" height=\"20px\"><\/td>\n    <\/tr>\n    <tr>\n        <td colspan=\"5\"><img decoding=\"async\" src=\"http:\/\/szalayautosiskola.hu\/site\/wp-content\/uploads\/2022\/09\/06A_min.jpg\" width=\"100%\"><\/td>\n    <\/tr>\n    <tr>\n        <td colspan=\"5\" height=\"20px\"><\/td>\n    <\/tr>\n    <tr>\n        <td ><img decoding=\"async\" src=\"http:\/\/szalayautosiskola.hu\/site\/wp-content\/uploads\/2022\/09\/06B_min.jpg\" width=\"auto\"><\/td>\n        <td width=\"2%\"><\/td>\n        <td><img decoding=\"async\" src=\"http:\/\/szalayautosiskola.hu\/site\/wp-content\/uploads\/2022\/09\/06C_min.jpg\" width=\"auto\"><\/td>\n    <\/tr>\n    <tr>\n        <td colspan=\"5\" height=\"20px\"><\/td>\n    <\/tr>\n    <tr>\n        <td colspan=\"5\"><img decoding=\"async\" src=\"http:\/\/szalayautosiskola.hu\/site\/wp-content\/uploads\/2022\/09\/07_min.jpg\" width=\"100%\"><\/td>\n    <\/tr>\n<\/table>\n","protected":false},"excerpt":{"rendered":"<p>Buz\u00e1s-Bandin\u00e9 Szalay \u00c9va Iskolavezet\u0151 Bak\u00f3 Alexandra \u00dcgyint\u00e9z\u0151<\/p>\n","protected":false},"author":2,"featured_media":1662,"parent":0,"menu_order":0,"comment_status":"closed","ping_status":"closed","template":"","meta":{"om_disable_all_campaigns":false,"_monsterinsights_skip_tracking":false,"_monsterinsights_sitenote_active":false,"_monsterinsights_sitenote_note":"","_monsterinsights_sitenote_category":0,"footnotes":""},"class_list":["post-1657","page","type-page","status-publish","has-post-thumbnail","hentry"],"aioseo_notices":[],"_links":{"self":[{"href":"https:\/\/szalayautosiskola.hu\/site\/wp-json\/wp\/v2\/pages\/1657","targetHints":{"allow":["GET"]}}],"collection":[{"href":"https:\/\/szalayautosiskola.hu\/site\/wp-json\/wp\/v2\/pages"}],"about":[{"href":"https:\/\/szalayautosiskola.hu\/site\/wp-json\/wp\/v2\/types\/page"}],"author":[{"embeddable":true,"href":"https:\/\/szalayautosiskola.hu\/site\/wp-json\/wp\/v2\/users\/2"}],"replies":[{"embeddable":true,"href":"https:\/\/szalayautosiskola.hu\/site\/wp-json\/wp\/v2\/comments?post=1657"}],"version-history":[{"count":6,"href":"https:\/\/szalayautosiskola.hu\/site\/wp-json\/wp\/v2\/pages\/1657\/revisions"}],"predecessor-version":[{"id":2503,"href":"https:\/\/szalayautosiskola.hu\/site\/wp-json\/wp\/v2\/pages\/1657\/revisions\/2503"}],"wp:featuredmedia":[{"embeddable":true,"href":"https:\/\/szalayautosiskola.hu\/site\/wp-json\/wp\/v2\/media\/1662"}],"wp:attachment":[{"href":"https:\/\/szalayautosiskola.hu\/site\/wp-json\/wp\/v2\/media?parent=1657"}],"curies":[{"name":"wp","href":"https:\/\/api.w.org\/{rel}","templated":true}]}}