{"id":248,"date":"2019-06-13T19:44:44","date_gmt":"2019-06-13T18:44:44","guid":{"rendered":"http:\/\/szalayautosiskola.hu\/site\/?page_id=248"},"modified":"2019-06-30T11:06:57","modified_gmt":"2019-06-30T10:06:57","slug":"e-learning-kategoria","status":"publish","type":"page","link":"https:\/\/szalayautosiskola.hu\/site\/e-learning-kategoria\/","title":{"rendered":"E-learning kateg\u00f3ria"},"content":{"rendered":"\n<img loading=\"lazy\" decoding=\"async\" src=\"http:\/\/szalayautosiskola.hu\/site\/wp-content\/uploads\/2019\/06\/elearningkivagas.jpg\" alt=\"elearningkivagas\" itemprop=\"image\" height=\"491\" width=\"651\" title=\"elearningkivagas\">\n<h3>\n\t\tB kateg\u00f3ria \n\t<\/h3>\n<h3>\n\t\te-learning\n\t<\/h3>\n\t\t\t<a href=\"http:\/\/szalayautosiskola.hu\/site\/e-larning-b-autosiskola\/\" target=\"_self\" role=\"button\" rel=\"noopener noreferrer\">\n\t\t\t\t\t\t\tTov\u00e1bb\n\t\t\t\t\t<\/a>\n\t\t\t\t<img loading=\"lazy\" decoding=\"async\" src=\"http:\/\/szalayautosiskola.hu\/site\/wp-content\/uploads\/2019\/06\/61336732_2706108836085548_3901272391577239552_n.jpg\" alt=\"61336732_2706108836085548_3901272391577239552_n\" itemprop=\"image\" height=\"900\" width=\"900\" title=\"61336732_2706108836085548_3901272391577239552_n\">\n<h3>\n\t\tMOTOROS kateg\u00f3ria e-learning\n\t<\/h3>\n<h3>\n\t\tAM, A1, A2, A, A1B,\n\t<\/h3>\n\t\t\t<a href=\"http:\/\/szalayautosiskola.hu\/site\/motoros-e-learning\/\" target=\"_self\" role=\"button\" rel=\"noopener noreferrer\">\n\t\t\t\t\t\t\tTov\u00e1bb\n\t\t\t\t\t<\/a>\n\t\t\t\t<img loading=\"lazy\" decoding=\"async\" src=\"http:\/\/szalayautosiskola.hu\/site\/wp-content\/uploads\/2019\/06\/nagykategoria-autosiskola.jpg\" alt=\"nagykategoria-autosiskola\" itemprop=\"image\" height=\"1838\" width=\"3264\" title=\"nagykategoria-autosiskola\">\n<h3>\n\t\tNagykateg\u00f3ri\u00e1k e-learning\n\t<\/h3>\n<h3>\n\t\tBE, C, CE, D,\n\t<\/h3>\n\t\t\t<a href=\"http:\/\/szalayautosiskola.hu\/site\/nagy-kategoria-e-learning\/\" target=\"_self\" role=\"button\" rel=\"noopener noreferrer\">\n\t\t\t\t\t\t\tTov\u00e1bb\n\t\t\t\t\t<\/a>\n","protected":false},"excerpt":{"rendered":"<p>B kateg\u00f3ria e-learning Tov\u00e1bb MOTOROS kateg\u00f3ria e-learning AM, A1, A2, A, A1B, Tov\u00e1bb Nagykateg\u00f3ri\u00e1k e-learning BE, C, CE, D, Tov\u00e1bb<\/p>\n","protected":false},"author":1,"featured_media":0,"parent":0,"menu_order":0,"comment_status":"closed","ping_status":"closed","template":"","meta":{"om_disable_all_campaigns":false,"_monsterinsights_skip_tracking":false,"_monsterinsights_sitenote_active":false,"_monsterinsights_sitenote_note":"","_monsterinsights_sitenote_category":0,"footnotes":""},"class_list":["post-248","page","type-page","status-publish","hentry"],"aioseo_notices":[],"_links":{"self":[{"href":"https:\/\/szalayautosiskola.hu\/site\/wp-json\/wp\/v2\/pages\/248","targetHints":{"allow":["GET"]}}],"collection":[{"href":"https:\/\/szalayautosiskola.hu\/site\/wp-json\/wp\/v2\/pages"}],"about":[{"href":"https:\/\/szalayautosiskola.hu\/site\/wp-json\/wp\/v2\/types\/page"}],"author":[{"embeddable":true,"href":"https:\/\/szalayautosiskola.hu\/site\/wp-json\/wp\/v2\/users\/1"}],"replies":[{"embeddable":true,"href":"https:\/\/szalayautosiskola.hu\/site\/wp-json\/wp\/v2\/comments?post=248"}],"version-history":[{"count":14,"href":"https:\/\/szalayautosiskola.hu\/site\/wp-json\/wp\/v2\/pages\/248\/revisions"}],"predecessor-version":[{"id":437,"href":"https:\/\/szalayautosiskola.hu\/site\/wp-json\/wp\/v2\/pages\/248\/revisions\/437"}],"wp:attachment":[{"href":"https:\/\/szalayautosiskola.hu\/site\/wp-json\/wp\/v2\/media?parent=248"}],"curies":[{"name":"wp","href":"https:\/\/api.w.org\/{rel}","templated":true}]}}