{"id":318,"date":"2019-06-15T14:21:05","date_gmt":"2019-06-15T13:21:05","guid":{"rendered":"http:\/\/szalayautosiskola.hu\/site\/?page_id=318"},"modified":"2019-06-30T11:09:31","modified_gmt":"2019-06-30T10:09:31","slug":"tanuloink-mondtak","status":"publish","type":"page","link":"https:\/\/szalayautosiskola.hu\/site\/tanuloink-mondtak\/","title":{"rendered":"Tanul\u00f3ink mondt\u00e1k"},"content":{"rendered":"\n<h1>\n\t\tGoogle \u00e9s Facebook v\u00e9lem\u00e9nyek\n\t<\/h1>\n\t\t\t<h2><em><strong>&#8222;Legjobb suli,szuper oktat\u00f3kkal. Kedvess\u00e9g,csal\u00e1dias hangulat mellett preciz k\u00e9pz\u00e9s,amit a sikeres vizsg\u00e1k ar\u00e1nya igazol.<\/strong><\/em><br><em><strong>K\u00fcl\u00f6n k\u00f6sz\u00f6net minden\u00e9rt Bern\u00e1t Robinak :)&#8221; Melinda<\/strong><\/em><\/h2>\t\t\n\t\t\t<h2><em>&#8222;Profi szervez\u00e9s-seg\u00edt\u0151k\u00e9sz csapat-tapasztalt, kedves, t\u00fcrelmes oktat\u00f3k! Mindenkinek nyugodt sz\u00edvvel aj\u00e1nlom!&#8221; BRIGITTA<\/em><\/h2>\t\t\n\t\t\t<h2><em>&#8222;Higgadtan, profin oktatnak. Bandi az egyik legjobb oktat\u00f3!!Nagyon rugalmasak, suli \u00e9s munka mellett is b\u00e1tran neki lehet \u00e1llni,\u00f6ssszehangolj\u00e1k a megszokott \u00e9leteddel az \u00f3r\u00e1kat.&#8221; REN\u00c1TA<\/em><\/h2>\t\t\n\t\t\t<h2><em>&#8222;Legjobb suli a legjobb oktat\u00f3kkal!!! K\u00fcl\u00f6n k\u00f6sz\u00f6net Bern\u00e9t Rich\u00e1rdnak!!!!!:)&#8221; BARBARA<\/em><\/h2><p>&nbsp;<\/p>\t\t\n\t\t\t<h2><em>&#8222;Ahogy sokan el\u0151ttem \u00e9n is csak aj\u00e1nlani tudom \u0151ket \ud83d\ude42 A tantermi oktat\u00e1s rendk\u00edv\u00fcl sz\u00ednvonalas \u00e9s r\u00e9szletes. Nagyszer\u0171 jegyzeteket lehet k\u00e9sz\u00edteni, rendesen felk\u00e9sztenek a vizsg\u00e1ra!&#8221; EVELIN<\/em><\/h2>\t\t\n\t\t\t<h2><em>&#8222;Maxim\u00e1lis* \u0150k a legjobbak. \u00d6r\u00f6mmel mentem tanulni mert tudtam hogy biztos kezekben vagyok egy j\u00f3 hangulat\u00fa csal\u00e1dias csapatn\u00e1l. Im\u00e1dom \u0151ket:) mindenkinek csak \u0151ket aj\u00e1nlom!&#8221; PATR\u00cdCIA<\/em><\/h2>\t\t\n\t\t\t<h2><em><strong>&#8222;Mindenkinek csak aj\u00e1nlani tudom a Szalay aut\u00f3siskol\u00e1t. Prec\u00edz \u00e9s kedves \u00fcgyint\u00e9z\u00e9s, mindenben seg\u00edtenek. P\u00e1r \u00e9ve m\u00e1r pr\u00f3b\u00e1lkoztam a jogos\u00edtv\u00e1ny megszerz\u00e9s\u00e9vel, akkor nem siker\u00fclt. Az id\u00e9n viszont k\u00e9t tes\u00f3m is itt szerzett jogsit, \u00edgy \u00e9n is \u00fajra nekifutottam. A tantermi kresz oktat\u00e1s, a szem\u00e9lyes kapcsolattart\u00e1s, a vil\u00e1g legjobb oktat\u00f3ja, Bandi, a helyben szervezett els\u0151seg\u00e9ly oktat\u00e1s meghozta a v\u00e1rt eredm\u00e9nyt, minden vizsg\u00e1m siker\u00fclt els\u0151re!:) Sz\u00f3val k\u00f6sz\u00f6n\u00f6k mindent \u00e9s b\u00e1tran v\u00e1lassz\u00e1tok a Szalay aut\u00f3iskol\u00e1t \u00e9s \u00e9lm\u00e9ny lesz a jogsi megszerz\u00e9se!!! :)&#8221; Brigitta<\/strong><\/em><\/h2>\t\t\n\t\t\t<h2><em><strong>&#8222;J\u00f3 csapat, kiv\u00e1l\u00f3 oktat\u00e1s, kedvesek, seg\u00edt\u0151k\u00e9szek \u00e9s rugalmasak. Az hogy els\u0151re siker\u00fclj\u00f6n minden az csak rajtad \u00e1ll de ha j\u00f3 iskol\u00e1t \u00e9s oktatokat keresel itt megtal\u00e1lod Bandival az \u00e9len. A legjobbak. Csak \u00edgy tov\u00e1bb :)&#8221; N\u00f3ra<\/strong><\/em><\/h2>\t\t\n\t\t\t<h2><em><strong>&#8222;Szuper csapat j\u00f3 hangulat\u00fa \u00f3r\u00e1k mint elm\u00e9leti mint gyakorlati! Rugalmasak \u00e9s mindenre \u00e9s mindenkire figyelnek! 7 \u00e9ve jogsiztam n\u00e1luk de mai napig nem hallottam enn\u00e9l jobb sulit \u00e9s nem b\u00e1nom s\u0151t \u00f6r\u00fcl\u00f6k hogy \u0151ket v\u00e1lasztottam anno! Csak aj\u00e1nlani tudom mindenkinek! :)&#8221; Kinga<\/strong><\/em><\/h2>\t\t\n\t\t\t<h2><strong>&#8222;A k\u00f6rny\u00e9ken a legjobb iskola \u00e9s nagyon rugalmasok \u00e9s kedvesek \u00e9s seg\u00edt\u0151k\u00e9szek. Csak aj\u00e1nlani tudom \u0151ket :)&#8221; N\u00f3ra<\/strong><\/h2>\t\t\n<h2>\n\t\tN\u00e9h\u00e1ny el\u00e9gedett tanul\u00f3nk\n\t<\/h2>\n<h3>\n\t\tKattints a linkre a Facebook v\u00e9lem\u00e9nyek el\u00e9r\u00e9s\u00e9hez!\n\t<\/h3>\n\t<blockquote cite=\"https:\/\/www.facebook.com\/pg\/szalayautosiskola\/reviews\/?ref=page_internal\"><a href=\"https:\/\/www.facebook.com\/pg\/szalayautosiskola\/reviews\/?ref=page_internal\">Szalay Aut\u00f3siskola Kft.<\/a><\/blockquote>\n","protected":false},"excerpt":{"rendered":"<p>Google \u00e9s Facebook v\u00e9lem\u00e9nyek &#8222;Legjobb suli,szuper oktat\u00f3kkal. Kedvess\u00e9g,csal\u00e1dias hangulat mellett preciz k\u00e9pz\u00e9s,amit a sikeres vizsg\u00e1k ar\u00e1nya igazol.K\u00fcl\u00f6n k\u00f6sz\u00f6net minden\u00e9rt Bern\u00e1t Robinak :)&#8221; Melinda &#8222;Profi szervez\u00e9s-seg\u00edt\u0151k\u00e9sz csapat-tapasztalt, kedves, t\u00fcrelmes oktat\u00f3k! Mindenkinek nyugodt sz\u00edvvel aj\u00e1nlom!&#8221; BRIGITTA &#8222;Higgadtan, profin oktatnak. Bandi az egyik legjobb oktat\u00f3!!Nagyon rugalmasak, suli \u00e9s munka mellett is b\u00e1tran neki lehet \u00e1llni,\u00f6ssszehangolj\u00e1k a megszokott \u00e9leteddel&hellip;<\/p>\n","protected":false},"author":1,"featured_media":0,"parent":0,"menu_order":0,"comment_status":"closed","ping_status":"closed","template":"","meta":{"om_disable_all_campaigns":false,"_monsterinsights_skip_tracking":false,"_monsterinsights_sitenote_active":false,"_monsterinsights_sitenote_note":"","_monsterinsights_sitenote_category":0,"footnotes":""},"class_list":["post-318","page","type-page","status-publish","hentry"],"aioseo_notices":[],"_links":{"self":[{"href":"https:\/\/szalayautosiskola.hu\/site\/wp-json\/wp\/v2\/pages\/318","targetHints":{"allow":["GET"]}}],"collection":[{"href":"https:\/\/szalayautosiskola.hu\/site\/wp-json\/wp\/v2\/pages"}],"about":[{"href":"https:\/\/szalayautosiskola.hu\/site\/wp-json\/wp\/v2\/types\/page"}],"author":[{"embeddable":true,"href":"https:\/\/szalayautosiskola.hu\/site\/wp-json\/wp\/v2\/users\/1"}],"replies":[{"embeddable":true,"href":"https:\/\/szalayautosiskola.hu\/site\/wp-json\/wp\/v2\/comments?post=318"}],"version-history":[{"count":11,"href":"https:\/\/szalayautosiskola.hu\/site\/wp-json\/wp\/v2\/pages\/318\/revisions"}],"predecessor-version":[{"id":439,"href":"https:\/\/szalayautosiskola.hu\/site\/wp-json\/wp\/v2\/pages\/318\/revisions\/439"}],"wp:attachment":[{"href":"https:\/\/szalayautosiskola.hu\/site\/wp-json\/wp\/v2\/media?parent=318"}],"curies":[{"name":"wp","href":"https:\/\/api.w.org\/{rel}","templated":true}]}}