{"id":43,"date":"2019-05-30T17:45:19","date_gmt":"2019-05-30T17:45:19","guid":{"rendered":"http:\/\/szalayautosiskola.hu\/site\/?page_id=43"},"modified":"2022-07-21T07:57:07","modified_gmt":"2022-07-21T06:57:07","slug":"bemutatkozas-autosiskola","status":"publish","type":"page","link":"https:\/\/szalayautosiskola.hu\/site\/bemutatkozas-autosiskola\/","title":{"rendered":"Bemutatkoz\u00e1s"},"content":{"rendered":"\n\t<h3>\u00dcdv\u00f6zl\u00f6m az aut\u00f3siskola honlapj\u00e1ra l\u00e1togat\u00f3kat!<\/h3>\n<h3>Az aut\u00f3siskola 2003 okt\u00f3ber\u00e9ben alakult, 14 \u00e9ves szakmai tapasztalat ut\u00e1n. <br \/>\nAz eltelt \u00e9vek alatt jelent\u0151s v\u00e1ltoztat\u00e1sokkal \u00e9s fejleszt\u00e9sekkel n\u00f6velt\u00fck a szolg\u00e1ltat\u00e1s sz\u00ednvonal\u00e1t, figyelve tanul\u00f3ink \u00e9s \u00e9rdekl\u0151d\u0151ink korrekt t\u00e1j\u00e9koztat\u00e1s\u00e1ra. A tanfolyamra jelentkez\u0151k sz\u00e1ma az \u00e9vek sor\u00e1n egyre jobban emelkedik.<br \/>\nSz\u00e1munkra nagy \u00f6r\u00f6m, hogy vizsgaeredm\u00e9nyess\u00e9g\u00fcnk nem romlott, s\u0151t javult, ezzel emelve a k\u00e9pz\u00e9s sz\u00ednvonal\u00e1t. Iskol\u00e1nk teljes m\u00e9rt\u00e9kben elk\u00f6telezett a min\u0151s\u00e9g ir\u00e1nt, ez\u00e9rt\u00a0 bevezett\u00fck iskol\u00e1nkban az e-Learning t\u00e1voktat\u00e1st, melyhez a tananyagot az <a href=\"https:\/\/edukresz.hu\/\">edukresz<\/a> biztos\u00edtja. A j\u00f3 eredm\u00e9nyhez term\u00e9szetesen n\u00e9lk\u00fcl\u00f6zhetetlen a sok-sok t\u00fcrelem, seg\u00edt\u0151k\u00e9szs\u00e9g \u00e9s emp\u00e1tia. Els\u0151dleges feladatunk a biztons\u00e1gos k\u00f6zleked\u00e9sre val\u00f3 felk\u00e9sz\u00edt\u00e9s. Ennek \u00e9rdek\u00e9ben munkat\u00e1rsainkkal szemben szigor\u00fa szakmai emberi \u00e9s etikai elv\u00e1r\u00e1sokat t\u00e1masztunk. Oktat\u00f3i csapatunkban kiz\u00e1r\u00f3lag nagy tapasztalattal rendelkez\u0151, t\u00fcrelmes \u00e9s megfelel\u0151en k\u00e9pes\u00edtett elm\u00e9leti \u00e9s gyakorlati munkat\u00e1rsakat alkalmazunk.<br \/>\nN\u00e1lunk a vizsg\u00e1ztat\u00e1s egy helyen a szigetszentmikl\u00f3si vizsgab\u00e1zison t\u00f6rt\u00e9nik.<br \/>\nHa t\u00e1j\u00e9koztat\u00f3nk felkeltette \u00e9rdekl\u0151d\u00e9s\u00e9t, v\u00e1rjuk jelentkez\u00e9s\u00e9t, t\u00fcrelmes oktat\u00f3inkkal.<br \/>\nBuz\u00e1s-Bandin\u00e9 Szalay \u00c9va<br \/>\niskolavezet\u0151<\/h3>\n","protected":false},"excerpt":{"rendered":"<p>\u00dcdv\u00f6zl\u00f6m az aut\u00f3siskola honlapj\u00e1ra l\u00e1togat\u00f3kat! Az aut\u00f3siskola 2003 okt\u00f3ber\u00e9ben alakult, 14 \u00e9ves szakmai tapasztalat ut\u00e1n. Az eltelt \u00e9vek alatt jelent\u0151s v\u00e1ltoztat\u00e1sokkal \u00e9s fejleszt\u00e9sekkel n\u00f6velt\u00fck a szolg\u00e1ltat\u00e1s sz\u00ednvonal\u00e1t, figyelve tanul\u00f3ink \u00e9s \u00e9rdekl\u0151d\u0151ink korrekt t\u00e1j\u00e9koztat\u00e1s\u00e1ra. A tanfolyamra jelentkez\u0151k sz\u00e1ma az \u00e9vek sor\u00e1n egyre jobban emelkedik. Sz\u00e1munkra nagy \u00f6r\u00f6m, hogy vizsgaeredm\u00e9nyess\u00e9g\u00fcnk nem romlott, s\u0151t javult, ezzel emelve a&hellip;<\/p>\n","protected":false},"author":1,"featured_media":0,"parent":0,"menu_order":0,"comment_status":"closed","ping_status":"closed","template":"","meta":{"om_disable_all_campaigns":false,"_monsterinsights_skip_tracking":false,"_monsterinsights_sitenote_active":false,"_monsterinsights_sitenote_note":"","_monsterinsights_sitenote_category":0,"footnotes":""},"class_list":["post-43","page","type-page","status-publish","hentry"],"aioseo_notices":[],"_links":{"self":[{"href":"https:\/\/szalayautosiskola.hu\/site\/wp-json\/wp\/v2\/pages\/43","targetHints":{"allow":["GET"]}}],"collection":[{"href":"https:\/\/szalayautosiskola.hu\/site\/wp-json\/wp\/v2\/pages"}],"about":[{"href":"https:\/\/szalayautosiskola.hu\/site\/wp-json\/wp\/v2\/types\/page"}],"author":[{"embeddable":true,"href":"https:\/\/szalayautosiskola.hu\/site\/wp-json\/wp\/v2\/users\/1"}],"replies":[{"embeddable":true,"href":"https:\/\/szalayautosiskola.hu\/site\/wp-json\/wp\/v2\/comments?post=43"}],"version-history":[{"count":9,"href":"https:\/\/szalayautosiskola.hu\/site\/wp-json\/wp\/v2\/pages\/43\/revisions"}],"predecessor-version":[{"id":1594,"href":"https:\/\/szalayautosiskola.hu\/site\/wp-json\/wp\/v2\/pages\/43\/revisions\/1594"}],"wp:attachment":[{"href":"https:\/\/szalayautosiskola.hu\/site\/wp-json\/wp\/v2\/media?parent=43"}],"curies":[{"name":"wp","href":"https:\/\/api.w.org\/{rel}","templated":true}]}}