{"id":458,"date":"2019-07-03T12:00:34","date_gmt":"2019-07-03T11:00:34","guid":{"rendered":"http:\/\/szalayautosiskola.hu\/site\/?page_id=458"},"modified":"2025-10-31T10:06:52","modified_gmt":"2025-10-31T09:06:52","slug":"kapcsolat","status":"publish","type":"page","link":"https:\/\/szalayautosiskola.hu\/site\/kapcsolat\/","title":{"rendered":"Kapcsolat"},"content":{"rendered":"\n<iframe loading=\"lazy\" src=\"https:\/\/www.google.com\/maps\/embed?pb=!1m14!1m8!1m3!1d5407.48991682132!2d19.034368!3d47.338852!3m2!1i1024!2i768!4f13.1!3m3!1m2!1s0x4741ef6097ac5931%3A0x2273e8ca111ab2a7!2sSzalay+Aut%C3%B3siskola!5e0!3m2!1shu!2shu!4v1562151297551!5m2!1shu!2shu\" width=\"600\" height=\"450\" frameborder=\"0\" allowfullscreen=\"\"><\/iframe>\n\t<h2>Telefonsz\u00e1m:<br>\nBuz\u00e1s-Bandin\u00e9 Szalay \u00c9va<br>\niskolavezet\u0151<br>\n+36-70-940-0774<br>\nBuz\u00e1s-Bandi J\u00e1nos<br>\niskolavezet\u0151 helyettes<br>\n+36-30-899-3038<br>\nZsatku Krisztina<br>\n\u00fcgyint\u00e9z\u0151<br>\n+36-30-992-8510<br>\nE-mail: autosiskolaszalay&lt;kukac&gt;gmail.com<br>\n\u00dcgyf\u00e9lfogad\u00e1s:<br>\nH\u00e9tf\u0151: Z\u00e1rva<br>\nKedd: 10:00 -17:00<br>\nSzerda: 10:00 -17:00<br>\nCs\u00fct\u00f6rt\u00f6k: 11:00 -17:00<br>\nP\u00e9ntek: Z\u00e1rva<br>\nSzombat: Z\u00e1rva<br>\nVas\u00e1rnap: Z\u00e1rva<br>\n<\/h2>\n\t\t\t\t<img decoding=\"async\" src=\"https:\/\/szalayautosiskola.hu\/site\/wp-content\/plugins\/bb-plugin\/img\/pixel.png\" alt=\"\" itemprop=\"image\" onerror=\"this.style.display='none'\">\n","protected":false},"excerpt":{"rendered":"<p>Telefonsz\u00e1m: Buz\u00e1s-Bandin\u00e9 Szalay \u00c9va iskolavezet\u0151 +36-70-940-0774 Buz\u00e1s-Bandi J\u00e1nos iskolavezet\u0151 helyettes +36-30-899-3038 Zsatku Krisztina \u00fcgyint\u00e9z\u0151 +36-30-992-8510 E-mail: autosiskolaszalay&lt;kukac&gt;gmail.com \u00dcgyf\u00e9lfogad\u00e1s: H\u00e9tf\u0151: Z\u00e1rva Kedd: 10:00 -17:00 Szerda: 10:00 -17:00 Cs\u00fct\u00f6rt\u00f6k: 11:00 -17:00 P\u00e9ntek: Z\u00e1rva Szombat: Z\u00e1rva Vas\u00e1rnap: Z\u00e1rva<\/p>\n","protected":false},"author":1,"featured_media":2496,"parent":0,"menu_order":0,"comment_status":"closed","ping_status":"closed","template":"","meta":{"om_disable_all_campaigns":false,"_monsterinsights_skip_tracking":false,"_monsterinsights_sitenote_active":false,"_monsterinsights_sitenote_note":"","_monsterinsights_sitenote_category":0,"footnotes":""},"class_list":["post-458","page","type-page","status-publish","has-post-thumbnail","hentry"],"aioseo_notices":[],"_links":{"self":[{"href":"https:\/\/szalayautosiskola.hu\/site\/wp-json\/wp\/v2\/pages\/458","targetHints":{"allow":["GET"]}}],"collection":[{"href":"https:\/\/szalayautosiskola.hu\/site\/wp-json\/wp\/v2\/pages"}],"about":[{"href":"https:\/\/szalayautosiskola.hu\/site\/wp-json\/wp\/v2\/types\/page"}],"author":[{"embeddable":true,"href":"https:\/\/szalayautosiskola.hu\/site\/wp-json\/wp\/v2\/users\/1"}],"replies":[{"embeddable":true,"href":"https:\/\/szalayautosiskola.hu\/site\/wp-json\/wp\/v2\/comments?post=458"}],"version-history":[{"count":19,"href":"https:\/\/szalayautosiskola.hu\/site\/wp-json\/wp\/v2\/pages\/458\/revisions"}],"predecessor-version":[{"id":2426,"href":"https:\/\/szalayautosiskola.hu\/site\/wp-json\/wp\/v2\/pages\/458\/revisions\/2426"}],"wp:featuredmedia":[{"embeddable":true,"href":"https:\/\/szalayautosiskola.hu\/site\/wp-json\/wp\/v2\/media\/2496"}],"wp:attachment":[{"href":"https:\/\/szalayautosiskola.hu\/site\/wp-json\/wp\/v2\/media?parent=458"}],"curies":[{"name":"wp","href":"https:\/\/api.w.org\/{rel}","templated":true}]}}