{"id":639,"date":"2020-11-07T05:00:55","date_gmt":"2020-11-07T04:00:55","guid":{"rendered":"http:\/\/szalayautosiskola.hu\/site\/?page_id=639"},"modified":"2025-11-07T05:13:49","modified_gmt":"2025-11-07T04:13:49","slug":"tajekoztato","status":"publish","type":"page","link":"https:\/\/szalayautosiskola.hu\/site\/tajekoztato\/","title":{"rendered":"T\u00e1j\u00e9koztat\u00f3"},"content":{"rendered":"\n<h3><strong>T\u00c1J\u00c9KOZTAT\u00d3 A K\u00c9PZ\u00c9SI SZOLG\u00c1LTAT\u00c1SR\u00d3L<\/strong><\/h3>\n<h4>KATEG\u00d3RI\u00c1K SZERINT:<\/h4>\n<ul>\n<li>\n<h4><a href=\"http:\/\/szalayautosiskola.hu\/site\/wp-content\/uploads\/2025\/06\/B_KATEGORIA_TAJEKOZTATO_2025_7.pdf\">B kateg\u00f3ria t\u00e1j\u00e9koztat\u00f3<\/a><\/h4>\n<\/li>\n<li>\n<h4><a href=\"http:\/\/szalayautosiskola.hu\/site\/wp-content\/uploads\/2025\/06\/BE_KATEGORIA_TAJEKOZTATO_2025_7.pdf\">BE kateg\u00f3ria t\u00e1j\u00e9koztat\u00f3<\/a><\/h4>\n<\/li>\n<li>\n<h4><a href=\"http:\/\/szalayautosiskola.hu\/site\/wp-content\/uploads\/2025\/06\/C_KATEGORIA_TAJEKOZTATO_2025_7.pdf\">C kateg\u00f3ria t\u00e1j\u00e9koztat\u00f3<\/a><\/h4>\n<\/li>\n<li>\n<h4><a href=\"http:\/\/szalayautosiskola.hu\/site\/wp-content\/uploads\/2025\/06\/CE_KATEGORIA_TAJEKOZTATO_2025_7.pdf\">CE kateg\u00f3ria t\u00e1j\u00e9koztat\u00f3<\/a><\/h4>\n<\/li>\n<li>\n<h4><a href=\"http:\/\/szalayautosiskola.hu\/site\/wp-content\/uploads\/2025\/06\/D_KATEGORIA_TAJEKOZTATO_2025_7.pdf\">D kateg\u00f3ria t\u00e1j\u00e9koztat\u00f3<\/a><\/h4>\n<\/li>\n<li>\n<h4><a href=\"http:\/\/szalayautosiskola.hu\/site\/wp-content\/uploads\/2025\/06\/D_KATEGORIA_B_KATEGORIAVAL_TAJEKOZTATO_2025_7.pdf\">D kateg\u00f3ria B kateg\u00f3ri\u00e1val t\u00e1j\u00e9koztat\u00f3<\/a><\/h4>\n<\/li>\n<li>\n<h4><a href=\"http:\/\/szalayautosiskola.hu\/site\/wp-content\/uploads\/2025\/06\/A_KATEGORIA_TAJEKOZTATO_2025_7.pdf\">A kateg\u00f3ria t\u00e1j\u00e9koztat\u00f3<\/a><\/h4>\n<\/li>\n<li>\n<h4><a href=\"http:\/\/szalayautosiskola.hu\/site\/wp-content\/uploads\/2025\/06\/A1_KATEGORIA_TAJEKOZTATO_2025_7.pdf\">A1 kateg\u00f3ria t\u00e1j\u00e9koztat\u00f3<\/a><\/h4>\n<\/li>\n<li>\n<h4><a href=\"http:\/\/szalayautosiskola.hu\/site\/wp-content\/uploads\/2025\/06\/A2_KATEGORIA_TAJEKOZTATO_2025_7.pdf\">A2 kateg\u00f3ria t\u00e1j\u00e9koztat\u00f3<\/a><\/h4>\n<\/li>\n<li>\n<h4><a href=\"http:\/\/szalayautosiskola.hu\/site\/wp-content\/uploads\/2025\/06\/AM_KATEGORIA_TAJEKOZTATO_2025_7.pdf\">AM kateg\u00f3ria t\u00e1j\u00e9koztat\u00f3<\/a><\/h4>\n<\/li>\n<li>\n<h4><a href=\"http:\/\/szalayautosiskola.hu\/site\/wp-content\/uploads\/2025\/06\/A1B_KATEGORIA_TAJEKOZTATO_2025_7.pdf\">A1B kateg\u00f3ria t\u00e1j\u00e9koztat\u00f3<\/a><\/h4>\n<\/li>\n<\/ul>\n<p>&nbsp;<\/p>\n<h4>NYOMTATV\u00c1NYOK:<\/h4>\n<ul>\n<li>\n<h4><a href=\"http:\/\/szalayautosiskola.hu\/site\/wp-content\/uploads\/2025\/06\/FELNOTTKEPZESI_SZERZODES_B_KATEGORIA_2025_7.pdf\">B kateg\u00f3ria feln\u0151ttk\u00e9pz\u00e9si szerz\u0151d\u00e9se<\/a><\/h4>\n<\/li>\n<li>\n<h4><a href=\"http:\/\/szalayautosiskola.hu\/site\/wp-content\/uploads\/2025\/06\/FELNOTTKEPZESI_SZERZODES_B_KATEGORIA_ATHELYEZETT_2025_7.pdf\">B kateg\u00f3ria feln\u0151ttk\u00e9pz\u00e9si szerz\u0151d\u00e9se \u00e1thelyezett tanul\u00f3k r\u00e9sz\u00e9re<\/a><\/h4>\n<\/li>\n<li>\n<h4><a href=\"http:\/\/szalayautosiskola.hu\/site\/wp-content\/uploads\/2025\/06\/FELNOTTKEPZESI_SZERZODES_BE_KATEGORIA_2025_7.pdf\">BE kateg\u00f3ria feln\u0151ttk\u00e9pz\u00e9si szerz\u0151d\u00e9se<\/a><\/h4>\n<\/li>\n<li>\n<h4><a href=\"http:\/\/szalayautosiskola.hu\/site\/wp-content\/uploads\/2025\/06\/FELNOTTKEPZESI_SZERZODES_AM_KATEGORIA_2025_7.pdf\">AM kateg\u00f3ria feln\u0151ttk\u00e9pz\u00e9si szerz\u0151d\u00e9se<\/a><\/h4>\n<\/li>\n<li>\n<h4><a href=\"http:\/\/szalayautosiskola.hu\/site\/wp-content\/uploads\/2025\/06\/FELNOTTKEPZESI_SZERZODES_A_KATEGORIA_2025_7.pdf\">A kateg\u00f3ria feln\u0151ttk\u00e9pz\u00e9si szerz\u0151d\u00e9se<\/a><\/h4>\n<\/li>\n<li>\n<h4><a href=\"http:\/\/szalayautosiskola.hu\/site\/wp-content\/uploads\/2025\/06\/FELNOTTKEPZESI_SZERZODES_A1_KATEGORIA_2025_7.pdf\">A1 kateg\u00f3ria feln\u0151ttk\u00e9pz\u00e9si szerz\u0151d\u00e9se<\/a><\/h4>\n<\/li>\n<li>\n<h4><a href=\"http:\/\/szalayautosiskola.hu\/site\/wp-content\/uploads\/2025\/06\/FELNOTTKEPZESI_SZERZODES_A1B_KATEGORIA_2025_7.pdf\">A1B kateg\u00f3ria feln\u0151ttk\u00e9pz\u00e9si szerz\u0151d\u00e9se<\/a><\/h4>\n<\/li>\n<li>\n<h4><a href=\"http:\/\/szalayautosiskola.hu\/site\/wp-content\/uploads\/2025\/06\/FELNOTTKEPZESI_SZERZODES_A2_KATEGORIA_2025_7.pdf\">A2 kateg\u00f3ria feln\u0151ttk\u00e9pz\u00e9si szerz\u0151d\u00e9se<\/a><\/h4>\n<\/li>\n<li>\n<h4><a href=\"http:\/\/szalayautosiskola.hu\/site\/wp-content\/uploads\/2025\/06\/FELNOTTKEPZESI_SZERZODES_C_KATEGORIA_2025_7.pdf\">C kateg\u00f3ria feln\u0151ttk\u00e9pz\u00e9si szerz\u0151d\u00e9se<\/a><\/h4>\n<\/li>\n<li>\n<h4><a href=\"http:\/\/szalayautosiskola.hu\/site\/wp-content\/uploads\/2025\/06\/FELNOTTKEPZESI_SZERZODES_CE_KATEGORIA_2025_7.pdf\">CE kateg\u00f3ria feln\u0151ttk\u00e9pz\u00e9si szerz\u0151d\u00e9se<\/a><\/h4>\n<\/li>\n<li>\n<h4><a href=\"http:\/\/szalayautosiskola.hu\/site\/wp-content\/uploads\/2025\/06\/FELNOTTKEPZESI_SZERZODES_D_KATEGORIA_2025_7.pdf\">D kateg\u00f3ria feln\u0151ttk\u00e9pz\u00e9si szerz\u0151d\u00e9se<\/a><\/h4>\n<\/li>\n<li>\n<h4><a href=\"http:\/\/szalayautosiskola.hu\/site\/wp-content\/uploads\/2025\/06\/FELNOTTKEPZESI_SZERZODES_D_KATEGORIA_B_KATEGORIAVAL_2025_7.pdf\">D kateg\u00f3ria B kateg\u00f3ri\u00e1val feln\u0151ttk\u00e9pz\u00e9si szerz\u0151d\u00e9se<\/a><\/h4>\n<\/li>\n<\/ul>\n\n\t\t\t\t<img decoding=\"async\" src=\"http:\/\/szalayautosiskola.hu\/site\/wp-content\/uploads\/2020\/02\/book3-1024x640.jpg\" alt=\"book3\" itemprop=\"image\" title=\"book3\" onerror=\"this.style.display='none'\">\n","protected":false},"excerpt":{"rendered":"<p>T\u00c1J\u00c9KOZTAT\u00d3 A K\u00c9PZ\u00c9SI SZOLG\u00c1LTAT\u00c1SR\u00d3L KATEG\u00d3RI\u00c1K SZERINT: B kateg\u00f3ria t\u00e1j\u00e9koztat\u00f3 BE kateg\u00f3ria t\u00e1j\u00e9koztat\u00f3 C kateg\u00f3ria t\u00e1j\u00e9koztat\u00f3 CE kateg\u00f3ria t\u00e1j\u00e9koztat\u00f3 D kateg\u00f3ria t\u00e1j\u00e9koztat\u00f3 D kateg\u00f3ria B kateg\u00f3ri\u00e1val t\u00e1j\u00e9koztat\u00f3 A kateg\u00f3ria t\u00e1j\u00e9koztat\u00f3 A1 kateg\u00f3ria t\u00e1j\u00e9koztat\u00f3 A2 kateg\u00f3ria t\u00e1j\u00e9koztat\u00f3 AM kateg\u00f3ria t\u00e1j\u00e9koztat\u00f3 A1B kateg\u00f3ria t\u00e1j\u00e9koztat\u00f3 &nbsp; NYOMTATV\u00c1NYOK: B kateg\u00f3ria feln\u0151ttk\u00e9pz\u00e9si szerz\u0151d\u00e9se B kateg\u00f3ria feln\u0151ttk\u00e9pz\u00e9si szerz\u0151d\u00e9se \u00e1thelyezett tanul\u00f3k r\u00e9sz\u00e9re BE&hellip;<\/p>\n","protected":false},"author":2,"featured_media":2496,"parent":0,"menu_order":0,"comment_status":"closed","ping_status":"closed","template":"","meta":{"om_disable_all_campaigns":false,"_monsterinsights_skip_tracking":false,"_monsterinsights_sitenote_active":false,"_monsterinsights_sitenote_note":"","_monsterinsights_sitenote_category":0,"footnotes":""},"class_list":["post-639","page","type-page","status-publish","has-post-thumbnail","hentry"],"aioseo_notices":[],"_links":{"self":[{"href":"https:\/\/szalayautosiskola.hu\/site\/wp-json\/wp\/v2\/pages\/639","targetHints":{"allow":["GET"]}}],"collection":[{"href":"https:\/\/szalayautosiskola.hu\/site\/wp-json\/wp\/v2\/pages"}],"about":[{"href":"https:\/\/szalayautosiskola.hu\/site\/wp-json\/wp\/v2\/types\/page"}],"author":[{"embeddable":true,"href":"https:\/\/szalayautosiskola.hu\/site\/wp-json\/wp\/v2\/users\/2"}],"replies":[{"embeddable":true,"href":"https:\/\/szalayautosiskola.hu\/site\/wp-json\/wp\/v2\/comments?post=639"}],"version-history":[{"count":34,"href":"https:\/\/szalayautosiskola.hu\/site\/wp-json\/wp\/v2\/pages\/639\/revisions"}],"predecessor-version":[{"id":2517,"href":"https:\/\/szalayautosiskola.hu\/site\/wp-json\/wp\/v2\/pages\/639\/revisions\/2517"}],"wp:featuredmedia":[{"embeddable":true,"href":"https:\/\/szalayautosiskola.hu\/site\/wp-json\/wp\/v2\/media\/2496"}],"wp:attachment":[{"href":"https:\/\/szalayautosiskola.hu\/site\/wp-json\/wp\/v2\/media?parent=639"}],"curies":[{"name":"wp","href":"https:\/\/api.w.org\/{rel}","templated":true}]}}